{"id":1527,"date":"2021-09-22T11:54:57","date_gmt":"2021-09-22T09:54:57","guid":{"rendered":"https:\/\/www.24.therme-kathrein.at\/anfahrt-kontakt\/"},"modified":"2021-11-02T10:56:41","modified_gmt":"2021-11-02T09:56:41","slug":"approach-contact","status":"publish","type":"page","link":"https:\/\/www.24.therme-kathrein.at\/it\/approach-contact\/","title":{"rendered":"COME RAGGIUNGERCI"},"content":{"rendered":"\n<p>600<br>default<br><br>80<br>default<br><br><h1>COME RAGGIUNGERCI &amp; RACAPITI:<\/h1>\r<br><h2>PIANIFICA IL TUO ARRIVO A BAD KLEINKIRCHHEIM<\/h2><br><br>100<br>default<br><br><img decoding=\"async\" src=\"https:\/\/www.24.therme-kathrein.at\/wp-content\/uploads\/2021\/09\/Element-1@300x-100.jpg\" alt=\"Element 1@300x-100\" \/><br>full<br>150<br>center<br><br>RAGGIUNGERCI IN AUTO<br><a href=\"https:\/\/www.24.therme-kathrein.at\/it\/approach-contact\/#auto\">https:\/\/www.24.therme-kathrein.at\/it\/approach-contact\/#auto<\/a><br>center<br>left<br>2<br><br>100<br>default<br><br><img decoding=\"async\" src=\"https:\/\/www.24.therme-kathrein.at\/wp-content\/uploads\/2021\/09\/Element-3@300x-100.jpg\" alt=\"Element 3@300x-100\" \/><br>full<br>255<br>center<br><br>RAGGIUNGERCI IN TRENO<br><a href=\"https:\/\/www.24.therme-kathrein.at\/it\/approach-contact\/#treno\">https:\/\/www.24.therme-kathrein.at\/it\/approach-contact\/#treno<\/a><br>center<br>left<br>2<br><br>100<br>default<br><br>100<br>default<br><br><img decoding=\"async\" src=\"https:\/\/www.24.therme-kathrein.at\/wp-content\/uploads\/2021\/09\/Element-4@300x-100.jpg\" alt=\"Element 4@300x-100\" \/><br>full<br>136<br>center<br><br>RAGGIUNGERCI IN AEREO<br><a href=\"https:\/\/www.24.therme-kathrein.at\/it\/approach-contact\/#aereo\">https:\/\/www.24.therme-kathrein.at\/it\/approach-contact\/#aereo<\/a><br>center<br>left<br>2<br><br>80<br>default<br><br><h1>RECAPITI<\/h1>\r<br><h2>HAI DELLE DOMANDE, QUESTIONI o PROPOSTE DI MIGLIORAMENTO?<\/h2><br><br>80<br>default<br><br><div role=\"form\" class=\"wpcf7\" id=\"wpcf7-f1529-o1\" lang=\"de-DE\" dir=\"ltr\">\n<div class=\"screen-reader-response\"><p role=\"status\" aria-live=\"polite\" aria-atomic=\"true\"><\/p> <ul><\/ul><\/div>\n<form action=\"\/it\/wp-json\/wp\/v2\/pages\/1527#wpcf7-f1529-o1\" method=\"post\" class=\"wpcf7-form init\" novalidate=\"novalidate\" data-status=\"init\">\n<div style=\"display: none;\">\n<input type=\"hidden\" name=\"_wpcf7\" value=\"1529\" \/>\n<input type=\"hidden\" name=\"_wpcf7_version\" value=\"5.6.4\" \/>\n<input type=\"hidden\" name=\"_wpcf7_locale\" value=\"de_DE\" \/>\n<input type=\"hidden\" name=\"_wpcf7_unit_tag\" value=\"wpcf7-f1529-o1\" \/>\n<input type=\"hidden\" name=\"_wpcf7_container_post\" value=\"0\" \/>\n<input type=\"hidden\" name=\"_wpcf7_posted_data_hash\" value=\"\" \/>\n<\/div>\n<p><span class=\"wpcf7-form-control-wrap\" data-name=\"Vor-undNachname\"><input type=\"text\" name=\"Vor-undNachname\" value=\"\" size=\"40\" class=\"wpcf7-form-control wpcf7-text wpcf7-validates-as-required\" aria-required=\"true\" aria-invalid=\"false\" placeholder=\"Nome e cognome*\" \/><\/span><br \/>\n<span class=\"wpcf7-form-control-wrap\" data-name=\"E-Mail\"><input type=\"email\" name=\"E-Mail\" value=\"\" size=\"40\" class=\"wpcf7-form-control wpcf7-text wpcf7-email wpcf7-validates-as-required wpcf7-validates-as-email\" aria-required=\"true\" aria-invalid=\"false\" placeholder=\"E-Mail*\" \/><\/span><br \/>\n<span class=\"wpcf7-form-control-wrap\" data-name=\"Betreff\"><input type=\"text\" name=\"Betreff\" value=\"\" size=\"40\" class=\"wpcf7-form-control wpcf7-text\" aria-invalid=\"false\" placeholder=\"Di cosa si tratta?\" \/><\/span><br \/>\n<span class=\"wpcf7-form-control-wrap\" data-name=\"SchreibunseineNachricht\"><textarea name=\"SchreibunseineNachricht\" cols=\"40\" rows=\"10\" class=\"wpcf7-form-control wpcf7-textarea wpcf7-validates-as-required\" aria-required=\"true\" aria-invalid=\"false\" placeholder=\"Scrivici un messaggio*\"><\/textarea><\/span><\/p>\n<p><span class=\"wpcf7-form-control-wrap\" data-name=\"Zustimmung\"><span class=\"wpcf7-form-control wpcf7-acceptance\"><span class=\"wpcf7-list-item\"><label><input type=\"checkbox\" name=\"Zustimmung\" value=\"1\" aria-invalid=\"false\" \/><span class=\"wpcf7-list-item-label\">Fornisco il mio assenso, revocabile in qualsiasi momento, a ricevere per e-mail un messaggio dell\u2019azienda Therme St. Kathrein Betriebs GmbH. Osserva la nostra dichiarazione sulla protezione dei dati.<\/span><\/label><\/span><\/span><\/span><\/p>\n<p><input type=\"submit\" value=\"INVIA\" class=\"wpcf7-form-control has-spinner wpcf7-submit\" \/><\/p>\n<div class=\"wpcf7-response-output\" aria-hidden=\"true\"><\/div><\/form><\/div><br><br>80<br>default<br><br>100<br>default<br><br><img decoding=\"async\" src=\"https:\/\/www.24.therme-kathrein.at\/wp-content\/uploads\/2021\/09\/Element-1@300x-100.jpg\" alt=\"Element 1@300x-100\" \/><br>full<br>500<br>80<br><br>80<br>default<br><br>80<br>default<br><br><h2>Raggiungerci in auto<\/h2>\r<br>Non deve renderci felici solo l\u2019obiettivo, ma anche la via per raggiungerlo. Gi\u00e0 durante il viaggio in auto o in moto \u00e8 possibile entrare nell\u2019atmosfera giusta per le vacanze, tra il nostro bel paesaggio austriaco.\r<br>Raggiungerci dalla direzione Vienna: da Vienna si arriva da noi al meglio tramite l\u2019autostrada sud, l\u00ec si prende l\u2019uscita dopo Klagenfurt-Nord e si arriva da noi tramite le due strade federali B95 e B88.\r<br>Raggiungerci dalla zona di Monaco di Baviera: dalla zona di Monaco di Baviera si raggiungono le terme St. Kathrein al meglio tramite l\u2019autostrada A8 in direzione di Salisburgo. Poi si prende l\u2019autostrada A10 in direzione di Salisburgo -Villach fino allo snodo autostradale Spittal-Spittal Nord. Infine, si arriva alle terme St. Kathrein tramite le strade federali B98 \u201cMillst\u00e4tter Stra\u00dfe\u201d e B88.\r<br>Chi arriva dalla nostra bella vicina Italia prenda l\u2019autostrada sud, poi prosegua sulla A10 fino all\u2019uscita Villach-Ossiacher See, e tramite le due strade federali B98 e B88 arriva quindi a destinazione.\r<br>Le Terme St. Kathrein ti augurano un viaggio in sicurezza.<br><br>80<br>default<br><br>80<br>default<br><br><h2>Raggiungerci in treno<\/h2>\r<br>Guidare \u00e8 troppo faticoso? Nessun problema. Le nostre terme sono facilissime da raggiungere anche in autobus in treno. Goditi il viaggio senza dovere fate attenzione ai cartelli stradali e dedicati completamente all\u2019obiettivo delle terme St. Kathrein gi\u00e0 durante il viaggio.\r<br>Raggiungerci da Vienna: da Vienna si passa per Semmering, Bruck an der Mur, St. Veit e Klagenfurt fino ad arrivare alla tua stazione finale di Villach. Si pu\u00f2 altrimenti scendere alla fermata di Spitall\/Millst\u00e4tter See. Da queste due destinazioni si prosegue preferibilmente in autobus fino a Bad Kleinkirchheim.\r<br>Dalla Germania si arriva da noi passando preferibilmente per Monaco di Baviera, Salisburgo e infine Spittal\/Millst\u00e4tter See. Da L\u00ec si prende l\u2019autobus di linea in direzione Bad Kleinkirchheim.\r<br>Dall\u2019Italia ci sono pi\u00f9 opportunit\u00e0 per arrivare alle terme St. Kathrein. Da Venezia si arriva direttamente a Villach via Treviso e Udine. Ma si pu\u00f2 viaggiare anche solo via Udine e scendere a Villach. Da l\u00ec si sale sull\u2019Autobus di linea in direzione di Bad Kleinkirchheim. C\u2019\u00e8 un collegamento diretto da Trieste, questo treno va direttamente a Villach, e poi si arriva da noi alle terme in autobus in tutta sicurezza.<br><br>80<br>default<br><br>80<br>default<br><br><img decoding=\"async\" src=\"https:\/\/www.24.therme-kathrein.at\/wp-content\/uploads\/2021\/09\/Element-5@300x.png\" alt=\"Element 5@300x\" \/><br>full<br>500<br>80<br>right<br>330<br><br>80<br>default<br><br>100<br>default<br><br><img decoding=\"async\" src=\"https:\/\/www.24.therme-kathrein.at\/wp-content\/uploads\/2021\/09\/Element-4@300x-100.jpg\" alt=\"Element 4@300x-100\" \/><br>full<br>500<br>80<br><br>80<br>default<br><br>80<br>default<br><br><h2>Raggiungerci in aereo<\/h2>\r<br>Chi preferisce una comodit\u00e0 ancora maggiore viene da noi in aereo. Nei dintorni delle terme St. Kathrein ci sono anche diversi aeroporti. Il pi\u00f9 vicino si trova a Klagenfurt e dista circa 50 km dalle nostre terme. C\u2019\u00e8 anche l\u2019opportunit\u00e0 di arrivare tramite gli aeroporti di Ljubljana e Salisburgo. Grazie alle molteplici opportunit\u00e0 di trasferimento, come ad es. un trasferimento collettivo, si arriva alle terme a costi ridotti e senza problemi.\r<br>Puoi trovare ulteriori informazioni sul sito del relativo aeroporto.<br><br>80<br>default<br><br><\/p>\n","protected":false},"excerpt":{"rendered":"<p>600default 80default COME RAGGIUNGERCI &amp; RACAPITI: PIANIFICA IL TUO ARRIVO A BAD KLEINKIRCHHEIM 100default full150center RAGGIUNGERCI IN AUTOhttps:\/\/www.24.therme-kathrein.at\/it\/approach-contact\/#autocenterleft2 100default full255center RAGGIUNGERCI IN TRENOhttps:\/\/www.24.therme-kathrein.at\/it\/approach-contact\/#trenocenterleft2 100default 100default full136center<span class=\"excerpt-hellip\"> [\u2026]<\/span><\/p>\n","protected":false},"author":1,"featured_media":0,"parent":0,"menu_order":0,"comment_status":"closed","ping_status":"closed","template":"","meta":{"footnotes":""},"class_list":["post-1527","page","type-page","status-publish","hentry"],"yoast_head":"<!-- This site is optimized with the Yoast SEO plugin v19.9 - https:\/\/yoast.com\/wordpress\/plugins\/seo\/ -->\n<title>COME RAGGIUNGERCI - Therme St. Kathrein in Bad Kleinkirchheim<\/title>\n<meta name=\"description\" content=\"COME RAGGIUNGERCI - Organizza il tuo viaggio a Bad Kleinkirchheim nei bagni termali di St. Kathrein o semplicemente contattaci.\" \/>\n<meta name=\"robots\" content=\"noindex, follow, max-snippet:-1, max-image-preview:large, max-video-preview:-1\" \/>\n<meta property=\"og:locale\" content=\"it_IT\" \/>\n<meta property=\"og:type\" content=\"article\" \/>\n<meta property=\"og:title\" content=\"COME RAGGIUNGERCI - Therme St. Kathrein in Bad Kleinkirchheim\" \/>\n<meta property=\"og:description\" content=\"COME RAGGIUNGERCI - Organizza il tuo viaggio a Bad Kleinkirchheim nei bagni termali di St. Kathrein o semplicemente contattaci.\" \/>\n<meta property=\"og:url\" content=\"https:\/\/www.24.therme-kathrein.at\/it\/approach-contact\/\" \/>\n<meta property=\"og:site_name\" content=\"Therme St. Kathrein in Bad Kleinkirchheim\" \/>\n<meta property=\"article:modified_time\" content=\"2021-11-02T09:56:41+00:00\" \/>\n<meta property=\"og:image\" content=\"https:\/\/www.24.therme-kathrein.at\/wp-content\/uploads\/2021\/09\/Element-1@300x-100.jpg\" \/>\n<meta name=\"twitter:card\" content=\"summary_large_image\" \/>\n<meta name=\"twitter:label1\" content=\"Tempo di lettura stimato\" \/>\n\t<meta name=\"twitter:data1\" content=\"4 minuti\" \/>\n<script type=\"application\/ld+json\" class=\"yoast-schema-graph\">{\"@context\":\"https:\/\/schema.org\",\"@graph\":[{\"@type\":\"WebPage\",\"@id\":\"https:\/\/www.24.therme-kathrein.at\/it\/approach-contact\/\",\"url\":\"https:\/\/www.24.therme-kathrein.at\/it\/approach-contact\/\",\"name\":\"COME RAGGIUNGERCI - Therme St. Kathrein in Bad Kleinkirchheim\",\"isPartOf\":{\"@id\":\"https:\/\/www.24.therme-kathrein.at\/it\/#website\"},\"datePublished\":\"2021-09-22T09:54:57+00:00\",\"dateModified\":\"2021-11-02T09:56:41+00:00\",\"description\":\"COME RAGGIUNGERCI - Organizza il tuo viaggio a Bad Kleinkirchheim nei bagni termali di St. Kathrein o semplicemente contattaci.\",\"breadcrumb\":{\"@id\":\"https:\/\/www.24.therme-kathrein.at\/it\/approach-contact\/#breadcrumb\"},\"inLanguage\":\"it-IT\",\"potentialAction\":[{\"@type\":\"ReadAction\",\"target\":[\"https:\/\/www.24.therme-kathrein.at\/it\/approach-contact\/\"]}]},{\"@type\":\"BreadcrumbList\",\"@id\":\"https:\/\/www.24.therme-kathrein.at\/it\/approach-contact\/#breadcrumb\",\"itemListElement\":[{\"@type\":\"ListItem\",\"position\":1,\"name\":\"Startseite\",\"item\":\"https:\/\/www.24.therme-kathrein.at\/it\/\"},{\"@type\":\"ListItem\",\"position\":2,\"name\":\"COME RAGGIUNGERCI\"}]},{\"@type\":\"WebSite\",\"@id\":\"https:\/\/www.24.therme-kathrein.at\/it\/#website\",\"url\":\"https:\/\/www.24.therme-kathrein.at\/it\/\",\"name\":\"Therme St. Kathrein in Bad Kleinkirchheim\",\"description\":\"Die Familien- und Gesundheitstherme in K\u00e4rnten\",\"potentialAction\":[{\"@type\":\"SearchAction\",\"target\":{\"@type\":\"EntryPoint\",\"urlTemplate\":\"https:\/\/www.24.therme-kathrein.at\/it\/?s={search_term_string}\"},\"query-input\":\"required name=search_term_string\"}],\"inLanguage\":\"it-IT\"}]}<\/script>\n<!-- \/ Yoast SEO plugin. -->","yoast_head_json":{"title":"COME RAGGIUNGERCI - Therme St. Kathrein in Bad Kleinkirchheim","description":"COME RAGGIUNGERCI - Organizza il tuo viaggio a Bad Kleinkirchheim nei bagni termali di St. Kathrein o semplicemente contattaci.","robots":{"index":"noindex","follow":"follow","max-snippet":"max-snippet:-1","max-image-preview":"max-image-preview:large","max-video-preview":"max-video-preview:-1"},"og_locale":"it_IT","og_type":"article","og_title":"COME RAGGIUNGERCI - Therme St. Kathrein in Bad Kleinkirchheim","og_description":"COME RAGGIUNGERCI - Organizza il tuo viaggio a Bad Kleinkirchheim nei bagni termali di St. Kathrein o semplicemente contattaci.","og_url":"https:\/\/www.24.therme-kathrein.at\/it\/approach-contact\/","og_site_name":"Therme St. Kathrein in Bad Kleinkirchheim","article_modified_time":"2021-11-02T09:56:41+00:00","og_image":[{"url":"https:\/\/www.24.therme-kathrein.at\/wp-content\/uploads\/2021\/09\/Element-1@300x-100.jpg"}],"twitter_card":"summary_large_image","twitter_misc":{"Tempo di lettura stimato":"4 minuti"},"schema":{"@context":"https:\/\/schema.org","@graph":[{"@type":"WebPage","@id":"https:\/\/www.24.therme-kathrein.at\/it\/approach-contact\/","url":"https:\/\/www.24.therme-kathrein.at\/it\/approach-contact\/","name":"COME RAGGIUNGERCI - Therme St. Kathrein in Bad Kleinkirchheim","isPartOf":{"@id":"https:\/\/www.24.therme-kathrein.at\/it\/#website"},"datePublished":"2021-09-22T09:54:57+00:00","dateModified":"2021-11-02T09:56:41+00:00","description":"COME RAGGIUNGERCI - Organizza il tuo viaggio a Bad Kleinkirchheim nei bagni termali di St. Kathrein o semplicemente contattaci.","breadcrumb":{"@id":"https:\/\/www.24.therme-kathrein.at\/it\/approach-contact\/#breadcrumb"},"inLanguage":"it-IT","potentialAction":[{"@type":"ReadAction","target":["https:\/\/www.24.therme-kathrein.at\/it\/approach-contact\/"]}]},{"@type":"BreadcrumbList","@id":"https:\/\/www.24.therme-kathrein.at\/it\/approach-contact\/#breadcrumb","itemListElement":[{"@type":"ListItem","position":1,"name":"Startseite","item":"https:\/\/www.24.therme-kathrein.at\/it\/"},{"@type":"ListItem","position":2,"name":"COME RAGGIUNGERCI"}]},{"@type":"WebSite","@id":"https:\/\/www.24.therme-kathrein.at\/it\/#website","url":"https:\/\/www.24.therme-kathrein.at\/it\/","name":"Therme St. Kathrein in Bad Kleinkirchheim","description":"Die Familien- und Gesundheitstherme in K\u00e4rnten","potentialAction":[{"@type":"SearchAction","target":{"@type":"EntryPoint","urlTemplate":"https:\/\/www.24.therme-kathrein.at\/it\/?s={search_term_string}"},"query-input":"required name=search_term_string"}],"inLanguage":"it-IT"}]}},"_links":{"self":[{"href":"https:\/\/www.24.therme-kathrein.at\/it\/wp-json\/wp\/v2\/pages\/1527","targetHints":{"allow":["GET"]}}],"collection":[{"href":"https:\/\/www.24.therme-kathrein.at\/it\/wp-json\/wp\/v2\/pages"}],"about":[{"href":"https:\/\/www.24.therme-kathrein.at\/it\/wp-json\/wp\/v2\/types\/page"}],"author":[{"embeddable":true,"href":"https:\/\/www.24.therme-kathrein.at\/it\/wp-json\/wp\/v2\/users\/1"}],"replies":[{"embeddable":true,"href":"https:\/\/www.24.therme-kathrein.at\/it\/wp-json\/wp\/v2\/comments?post=1527"}],"version-history":[{"count":8,"href":"https:\/\/www.24.therme-kathrein.at\/it\/wp-json\/wp\/v2\/pages\/1527\/revisions"}],"predecessor-version":[{"id":1610,"href":"https:\/\/www.24.therme-kathrein.at\/it\/wp-json\/wp\/v2\/pages\/1527\/revisions\/1610"}],"wp:attachment":[{"href":"https:\/\/www.24.therme-kathrein.at\/it\/wp-json\/wp\/v2\/media?parent=1527"}],"curies":[{"name":"wp","href":"https:\/\/api.w.org\/{rel}","templated":true}]}}